{"id":138,"date":"2024-04-23T11:49:36","date_gmt":"2024-04-23T11:49:36","guid":{"rendered":"https:\/\/theas.be\/?page_id=138"},"modified":"2024-04-23T11:54:21","modified_gmt":"2024-04-23T11:54:21","slug":"hardware","status":"publish","type":"page","link":"https:\/\/theas.be\/?page_id=138","title":{"rendered":"Hardware"},"content":{"rendered":"\n<p>Fournisseur privil\u00e9gi\u00e9 de solutions informatiques, nous collaborons avec des leaders de l&rsquo;industrie comme DELL pour vous proposer une gamme \u00e9tendue de mat\u00e9riel informatique adapt\u00e9e \u00e0 vos besoins professionnels. D\u00e9couvrez comment nous pouvons vous aider \u00e0 \u00e9quiper votre entreprise :<\/p>\n\n\n\n<ul class=\"wp-block-list\">\n<li><strong>Ordinateurs et p\u00e9riph\u00e9riques :<\/strong> Choisissez parmi une vaste s\u00e9lection d&rsquo;ordinateurs de bureau, laptops, serveurs et p\u00e9riph\u00e9riques con\u00e7us pour offrir performance et fiabilit\u00e9. Nos partenariats avec des marques reconnues assurent des produits de la plus haute qualit\u00e9.<\/li>\n\n\n\n<li><strong>Solutions personnalis\u00e9es :<\/strong> Quels que soient vos besoins sp\u00e9cifiques, nous configurons des solutions sur mesure qui int\u00e8grent le mat\u00e9riel le mieux adapt\u00e9 \u00e0 votre environnement de travail et \u00e0 vos objectifs commerciaux.<\/li>\n\n\n\n<li><strong>Support et maintenance :<\/strong> B\u00e9n\u00e9ficiez d&rsquo;un support technique expert et d&rsquo;une maintenance proactive pour garantir que votre \u00e9quipement fonctionne de mani\u00e8re optimale et continue \u00e0 soutenir vos activit\u00e9s sans interruption.<\/li>\n\n\n\n<li><strong>Mise \u00e0 jour et \u00e9volutivit\u00e9 :<\/strong> Restez \u00e0 la pointe de la technologie gr\u00e2ce \u00e0 nos conseils experts sur les mises \u00e0 jour et les options d&rsquo;\u00e9volutivit\u00e9 qui garantissent que votre mat\u00e9riel reste performant et s\u00e9curis\u00e9 au fil du temps.<\/li>\n<\/ul>\n\n\n\n<p>En tant que partenaire de DELL, nous vous garantissons non seulement l&rsquo;acc\u00e8s \u00e0 des produits de premier plan, mais aussi un service client\u00e8le exceptionnel et une expertise technique sans faille. Investissez dans votre succ\u00e8s avec notre mat\u00e9riel informatique de qualit\u00e9.<\/p>\n\n\n<figure class=\"wp-block-post-featured-image\"><img loading=\"lazy\" decoding=\"async\" width=\"879\" height=\"255\" src=\"https:\/\/theas.be\/wp-content\/uploads\/2024\/04\/DT_AuthorizedPartner_Blue.jpg\" class=\"attachment-post-thumbnail size-post-thumbnail wp-post-image\" alt=\"\" style=\"object-fit:cover;\" srcset=\"https:\/\/theas.be\/wp-content\/uploads\/2024\/04\/DT_AuthorizedPartner_Blue.jpg 879w, https:\/\/theas.be\/wp-content\/uploads\/2024\/04\/DT_AuthorizedPartner_Blue-300x87.jpg 300w, https:\/\/theas.be\/wp-content\/uploads\/2024\/04\/DT_AuthorizedPartner_Blue-768x223.jpg 768w\" sizes=\"auto, (max-width: 879px) 100vw, 879px\" \/><\/figure>","protected":false},"excerpt":{"rendered":"<p>Fournisseur privil\u00e9gi\u00e9 de solutions informatiques, nous collaborons avec des leaders de l&rsquo;industrie comme DELL pour vous proposer une gamme \u00e9tendue de mat\u00e9riel informatique adapt\u00e9e \u00e0 vos besoins professionnels. D\u00e9couvrez comment nous pouvons vous aider \u00e0 \u00e9quiper votre entreprise : En tant que partenaire de DELL, nous vous garantissons non seulement l&rsquo;acc\u00e8s \u00e0 des produits de [&hellip;]<\/p>\n","protected":false},"author":1,"featured_media":142,"parent":0,"menu_order":0,"comment_status":"closed","ping_status":"closed","template":"","meta":{"footnotes":""},"class_list":["post-138","page","type-page","status-publish","has-post-thumbnail","hentry"],"_links":{"self":[{"href":"https:\/\/theas.be\/index.php?rest_route=\/wp\/v2\/pages\/138","targetHints":{"allow":["GET"]}}],"collection":[{"href":"https:\/\/theas.be\/index.php?rest_route=\/wp\/v2\/pages"}],"about":[{"href":"https:\/\/theas.be\/index.php?rest_route=\/wp\/v2\/types\/page"}],"author":[{"embeddable":true,"href":"https:\/\/theas.be\/index.php?rest_route=\/wp\/v2\/users\/1"}],"replies":[{"embeddable":true,"href":"https:\/\/theas.be\/index.php?rest_route=%2Fwp%2Fv2%2Fcomments&post=138"}],"version-history":[{"count":2,"href":"https:\/\/theas.be\/index.php?rest_route=\/wp\/v2\/pages\/138\/revisions"}],"predecessor-version":[{"id":143,"href":"https:\/\/theas.be\/index.php?rest_route=\/wp\/v2\/pages\/138\/revisions\/143"}],"wp:featuredmedia":[{"embeddable":true,"href":"https:\/\/theas.be\/index.php?rest_route=\/wp\/v2\/media\/142"}],"wp:attachment":[{"href":"https:\/\/theas.be\/index.php?rest_route=%2Fwp%2Fv2%2Fmedia&parent=138"}],"curies":[{"name":"wp","href":"https:\/\/api.w.org\/{rel}","templated":true}]}}