{"id":22,"date":"2021-05-29T06:27:50","date_gmt":"2021-05-29T06:27:50","guid":{"rendered":"https:\/\/dev.theas.be\/?page_id=22"},"modified":"2024-04-23T11:44:25","modified_gmt":"2024-04-23T11:44:25","slug":"wifi","status":"publish","type":"page","link":"https:\/\/theas.be\/?page_id=22","title":{"rendered":"Wifi"},"content":{"rendered":"\n<div class=\"wp-block-columns is-layout-flex wp-container-core-columns-is-layout-9d6595d7 wp-block-columns-is-layout-flex\">\n<div class=\"wp-block-column is-layout-flow wp-block-column-is-layout-flow\">\n<figure class=\"wp-block-image size-large\"><img loading=\"lazy\" decoding=\"async\" width=\"1024\" height=\"768\" src=\"https:\/\/theas.be\/wp-content\/uploads\/2021\/05\/1032low-1024x768.jpg\" alt=\"\" class=\"wp-image-52\" srcset=\"https:\/\/theas.be\/wp-content\/uploads\/2021\/05\/1032low-1024x768.jpg 1024w, https:\/\/theas.be\/wp-content\/uploads\/2021\/05\/1032low-300x225.jpg 300w, https:\/\/theas.be\/wp-content\/uploads\/2021\/05\/1032low-768x576.jpg 768w, https:\/\/theas.be\/wp-content\/uploads\/2021\/05\/1032low-1536x1152.jpg 1536w, https:\/\/theas.be\/wp-content\/uploads\/2021\/05\/1032low.jpg 1632w\" sizes=\"auto, (max-width: 1024px) 100vw, 1024px\" \/><\/figure>\n<\/div>\n\n\n\n<div class=\"wp-block-column is-layout-flow wp-block-column-is-layout-flow\">\n<p>Nos solutions Wifi pour entreprises englobent tout ce dont vous avez besoin pour une connexion internet rapide, s\u00e9curis\u00e9e et fiable. Nous vous offrons une installation sur mesure incluant :<\/p>\n\n\n\n<ul class=\"wp-block-list\">\n<li><strong>Firewall :<\/strong> Prot\u00e9gez votre r\u00e9seau avec des solutions de firewall avanc\u00e9es, garantissant la s\u00e9curit\u00e9 de vos donn\u00e9es et de vos communications contre les menaces externes.<\/li>\n\n\n\n<li><strong>Switches :<\/strong> Optimisez votre r\u00e9seau avec des switches performants qui facilitent la gestion du trafic et am\u00e9liorent la connectivit\u00e9 entre vos dispositifs.<\/li>\n\n\n\n<li><strong>Antennes :<\/strong> Profitez d&rsquo;une couverture \u00e9tendue et d&rsquo;une qualit\u00e9 de signal optimale gr\u00e2ce \u00e0 nos antennes de derni\u00e8re g\u00e9n\u00e9ration, adapt\u00e9es \u00e0 tous les types d&rsquo;environnements.<\/li>\n\n\n\n<li><strong>Param\u00e9trage :<\/strong> B\u00e9n\u00e9ficiez d&rsquo;une configuration professionnelle et personnalis\u00e9e de votre r\u00e9seau. Nous nous assurons que votre installation Wifi r\u00e9pond pr\u00e9cis\u00e9ment \u00e0 vos besoins sp\u00e9cifiques, avec un param\u00e9trage expert qui maximise la performance et la fiabilit\u00e9 de votre r\u00e9seau.<\/li>\n<\/ul>\n\n\n\n<p>Que vous op\u00e9riez dans un petit bureau ou un grand espace industriel, notre \u00e9quipe d&rsquo;experts est pr\u00eate \u00e0 concevoir et d\u00e9ployer la solution Wifi qui transformera votre mani\u00e8re de travailler. Connectez-vous avec confiance et laissez-nous prendre en charge la complexit\u00e9 de votre infrastructure r\u00e9seau.<\/p>\n<\/div>\n<\/div>\n","protected":false},"excerpt":{"rendered":"<p>Nos solutions Wifi pour entreprises englobent tout ce dont vous avez besoin pour une connexion internet rapide, s\u00e9curis\u00e9e et fiable. Nous vous offrons une installation sur mesure incluant : Que vous op\u00e9riez dans un petit bureau ou un grand espace industriel, notre \u00e9quipe d&rsquo;experts est pr\u00eate \u00e0 concevoir et d\u00e9ployer la solution Wifi qui transformera [&hellip;]<\/p>\n","protected":false},"author":1,"featured_media":0,"parent":0,"menu_order":0,"comment_status":"closed","ping_status":"closed","template":"","meta":{"footnotes":""},"class_list":["post-22","page","type-page","status-publish","hentry"],"_links":{"self":[{"href":"https:\/\/theas.be\/index.php?rest_route=\/wp\/v2\/pages\/22","targetHints":{"allow":["GET"]}}],"collection":[{"href":"https:\/\/theas.be\/index.php?rest_route=\/wp\/v2\/pages"}],"about":[{"href":"https:\/\/theas.be\/index.php?rest_route=\/wp\/v2\/types\/page"}],"author":[{"embeddable":true,"href":"https:\/\/theas.be\/index.php?rest_route=\/wp\/v2\/users\/1"}],"replies":[{"embeddable":true,"href":"https:\/\/theas.be\/index.php?rest_route=%2Fwp%2Fv2%2Fcomments&post=22"}],"version-history":[{"count":5,"href":"https:\/\/theas.be\/index.php?rest_route=\/wp\/v2\/pages\/22\/revisions"}],"predecessor-version":[{"id":136,"href":"https:\/\/theas.be\/index.php?rest_route=\/wp\/v2\/pages\/22\/revisions\/136"}],"wp:attachment":[{"href":"https:\/\/theas.be\/index.php?rest_route=%2Fwp%2Fv2%2Fmedia&parent=22"}],"curies":[{"name":"wp","href":"https:\/\/api.w.org\/{rel}","templated":true}]}}