{"id":27,"date":"2021-05-29T06:28:45","date_gmt":"2021-05-29T06:28:45","guid":{"rendered":"https:\/\/dev.theas.be\/?page_id=27"},"modified":"2024-04-23T11:47:56","modified_gmt":"2024-04-23T11:47:56","slug":"voip","status":"publish","type":"page","link":"https:\/\/theas.be\/?page_id=27","title":{"rendered":"Voip"},"content":{"rendered":"\n<div class=\"wp-block-columns is-layout-flex wp-container-core-columns-is-layout-9d6595d7 wp-block-columns-is-layout-flex\">\n<div class=\"wp-block-column is-layout-flow wp-block-column-is-layout-flow\">\n<figure class=\"wp-block-image size-large\"><img loading=\"lazy\" decoding=\"async\" width=\"1024\" height=\"683\" src=\"https:\/\/theas.be\/wp-content\/uploads\/2021\/05\/5127314-1024x683.jpg\" alt=\"\" class=\"wp-image-58\" srcset=\"https:\/\/theas.be\/wp-content\/uploads\/2021\/05\/5127314-1024x683.jpg 1024w, https:\/\/theas.be\/wp-content\/uploads\/2021\/05\/5127314-300x200.jpg 300w, https:\/\/theas.be\/wp-content\/uploads\/2021\/05\/5127314-768x512.jpg 768w, https:\/\/theas.be\/wp-content\/uploads\/2021\/05\/5127314-1536x1024.jpg 1536w, https:\/\/theas.be\/wp-content\/uploads\/2021\/05\/5127314-2048x1365.jpg 2048w\" sizes=\"auto, (max-width: 1024px) 100vw, 1024px\" \/><\/figure>\n<\/div>\n\n\n\n<div class=\"wp-block-column is-layout-flow wp-block-column-is-layout-flow\">\n<p>Adoptez notre solution de T\u00e9l\u00e9phonie IP bas\u00e9e sur le cloud pour une transformation num\u00e9rique de votre syst\u00e8me t\u00e9l\u00e9phonique. Cette technologie avanc\u00e9e simplifie la gestion de vos communications tout en offrant une flexibilit\u00e9 maximale :<\/p>\n\n\n\n<ul class=\"wp-block-list\">\n<li><strong>Installation et gestion simplifi\u00e9es :<\/strong> \u00c9liminez le besoin de mat\u00e9riel t\u00e9l\u00e9phonique co\u00fbteux gr\u00e2ce \u00e0 une gestion enti\u00e8rement en ligne, qui simplifie aussi bien l&rsquo;installation que la maintenance quotidienne.<\/li>\n\n\n\n<li><strong>Accessibilit\u00e9 totale :<\/strong> Permettez \u00e0 vos collaborateurs de passer et recevoir des appels depuis n&rsquo;importe quel appareil (ordinateur, smartphone, tablette), o\u00f9 qu&rsquo;ils soient, assurant une connectivit\u00e9 continue et le support efficace du t\u00e9l\u00e9travail.<\/li>\n\n\n\n<li><strong>Fonctionnalit\u00e9s avanc\u00e9es :<\/strong> B\u00e9n\u00e9ficiez de fonctionnalit\u00e9s int\u00e9gr\u00e9es telles que la vid\u00e9oconf\u00e9rence, le chat en direct, et le partage de fichiers, qui favorisent la collaboration et l&rsquo;efficacit\u00e9 entre les \u00e9quipes.<\/li>\n\n\n\n<li><strong>R\u00e9duction des co\u00fbts :<\/strong> Profitez de tarifs comp\u00e9titifs pour les appels internationaux et d&rsquo;une r\u00e9duction significative des co\u00fbts d&rsquo;investissement initial gr\u00e2ce \u00e0 l&rsquo;absence de mat\u00e9riel co\u00fbteux.<\/li>\n\n\n\n<li><strong>S\u00e9curit\u00e9 et conformit\u00e9 :<\/strong> Profitez de fonctionnalit\u00e9s de s\u00e9curit\u00e9 avanc\u00e9es pour prot\u00e9ger vos communications, incluant le chiffrement des appels et la s\u00e9curisation des connexions, conform\u00e9ment aux normes internationales.<\/li>\n<\/ul>\n\n\n\n<p>Notre expertise dans les solutions de t\u00e9l\u00e9phonie IP cloud vous assure un syst\u00e8me de communication non seulement \u00e0 la hauteur de vos attentes mais aussi adaptable \u00e0 vos besoins sp\u00e9cifiques, facile \u00e0 utiliser et \u00e9conomiquement avantageux.<\/p>\n\n\n\n<p><\/p>\n<\/div>\n<\/div>\n\n\n\n<p><\/p>\n","protected":false},"excerpt":{"rendered":"<p>Adoptez notre solution de T\u00e9l\u00e9phonie IP bas\u00e9e sur le cloud pour une transformation num\u00e9rique de votre syst\u00e8me t\u00e9l\u00e9phonique. Cette technologie avanc\u00e9e simplifie la gestion de vos communications tout en offrant une flexibilit\u00e9 maximale : Notre expertise dans les solutions de t\u00e9l\u00e9phonie IP cloud vous assure un syst\u00e8me de communication non seulement \u00e0 la hauteur de [&hellip;]<\/p>\n","protected":false},"author":1,"featured_media":0,"parent":0,"menu_order":0,"comment_status":"closed","ping_status":"closed","template":"","meta":{"footnotes":""},"class_list":["post-27","page","type-page","status-publish","hentry"],"_links":{"self":[{"href":"https:\/\/theas.be\/index.php?rest_route=\/wp\/v2\/pages\/27","targetHints":{"allow":["GET"]}}],"collection":[{"href":"https:\/\/theas.be\/index.php?rest_route=\/wp\/v2\/pages"}],"about":[{"href":"https:\/\/theas.be\/index.php?rest_route=\/wp\/v2\/types\/page"}],"author":[{"embeddable":true,"href":"https:\/\/theas.be\/index.php?rest_route=\/wp\/v2\/users\/1"}],"replies":[{"embeddable":true,"href":"https:\/\/theas.be\/index.php?rest_route=%2Fwp%2Fv2%2Fcomments&post=27"}],"version-history":[{"count":6,"href":"https:\/\/theas.be\/index.php?rest_route=\/wp\/v2\/pages\/27\/revisions"}],"predecessor-version":[{"id":137,"href":"https:\/\/theas.be\/index.php?rest_route=\/wp\/v2\/pages\/27\/revisions\/137"}],"wp:attachment":[{"href":"https:\/\/theas.be\/index.php?rest_route=%2Fwp%2Fv2%2Fmedia&parent=27"}],"curies":[{"name":"wp","href":"https:\/\/api.w.org\/{rel}","templated":true}]}}